{"id":717,"date":"2017-05-25T12:12:48","date_gmt":"2017-05-25T12:12:48","guid":{"rendered":"http:\/\/okthemes.com\/luxwinedemo-light\/?page_id=717"},"modified":"2026-01-07T22:00:44","modified_gmt":"2026-01-07T22:00:44","slug":"valle-de-guadalupe","status":"publish","type":"page","link":"https:\/\/fincajcvg.com\/en\/homepage\/valle-de-guadalupe\/","title":{"rendered":"Valle de Guadalupe"},"content":{"rendered":"<div class=\"wpb-content-wrapper\"><div class=\"vc_row wpb_row vc_row-fluid\"><div class=\"wpb_column vc_column_container vc_col-sm-12\"><div class=\"vc_column-inner\"><div class=\"wpb_wrapper\">\n\t\t\t<!-- START Valle de Guadalupe REVOLUTION SLIDER 6.7.20 --><p class=\"rs-p-wp-fix\"><\/p>\n\t\t\t<rs-module-wrap id=\"rev_slider_7_1_wrapper\" data-source=\"gallery\" style=\"visibility:hidden;background:#f1f1f1;padding:0;\">\n\t\t\t\t<rs-module id=\"rev_slider_7_1\" style=\"\" data-version=\"6.7.20\">\n\t\t\t\t\t<rs-slides style=\"overflow: hidden; position: absolute;\">\n\t\t\t\t\t\t<rs-slide style=\"position: absolute;\" data-key=\"rs-13\" data-title=\"Wines\" data-anim=\"adpr:false;ms:2300;p:dark;\" data-in=\"o:0;\" data-out=\"o:0;\" data-mediafilter=\"lark\" data-p1=\"01\">\n\t\t\t\t\t\t\t<img decoding=\"async\" src=\"\/\/fincajcvg.com\/wp-content\/plugins\/revslider\/sr6\/assets\/assets\/dummy.png\" alt=\"\" title=\"Cl\u00ednica de Ojos de Tijuana\" width=\"1280\" height=\"719\" class=\"rev-slidebg tp-rs-img rs-lazyload\" data-lazyload=\"\/\/www.fincajcvg.com\/wp-content\/uploads\/2022\/09\/S11-Large.jpeg\" data-no-retina>\n<!--\n\t\t\t\t\t\t\t--><rs-layer\n\t\t\t\t\t\t\t\tid=\"slider-7-slide-13-layer-3\" \n\t\t\t\t\t\t\t\tclass=\"Luxwine-Title\"\n\t\t\t\t\t\t\t\tdata-type=\"text\"\n\t\t\t\t\t\t\t\tdata-color=\"#ffffff||#000000||#ffffff||#ffffff\"\n\t\t\t\t\t\t\t\tdata-rsp_ch=\"on\"\n\t\t\t\t\t\t\t\tdata-xy=\"x:c;xo:0,1px,1px,0;y:m;yo:-97px,-108px,-104px,-98px;\"\n\t\t\t\t\t\t\t\tdata-text=\"s:60,70,50,40;l:64,70,55,38;a:center;\"\n\t\t\t\t\t\t\t\tdata-dim=\"w:auto,auto,auto,450px;\"\n\t\t\t\t\t\t\t\tdata-frame_0=\"y:50px;\"\n\t\t\t\t\t\t\t\tdata-frame_1=\"e:power3.out;st:2550;sp:1500;sR:2550;\"\n\t\t\t\t\t\t\t\tdata-frame_999=\"x:0;y:0;z:0;sX:0.9;sY:0.9;o:0;rX:0;rY:0;rZ:0;skX:0;skY:0;st:w;sp:1000;sR:4950;\"\n\t\t\t\t\t\t\t\tstyle=\"z-index:9;font-family:'Cinzel';text-transform:uppercase;\"\n\t\t\t\t\t\t\t>Valle de Guadalupe \n\t\t\t\t\t\t\t<\/rs-layer><!--\n\n\t\t\t\t\t\t\t--><rs-layer\n\t\t\t\t\t\t\t\tid=\"slider-7-slide-13-layer-4\" \n\t\t\t\t\t\t\t\tclass=\"tp-shape tp-shapewrapper\"\n\t\t\t\t\t\t\t\tdata-type=\"shape\"\n\t\t\t\t\t\t\t\tdata-xy=\"x:c;y:m;yo:-178px,-178px,-168px,-141px;\"\n\t\t\t\t\t\t\t\tdata-dim=\"w:1px;h:60px,60px,60px,45px;\"\n\t\t\t\t\t\t\t\tdata-rsp_bd=\"off\"\n\t\t\t\t\t\t\t\tdata-frame_0=\"y:-100%;o:1;\"\n\t\t\t\t\t\t\t\tdata-frame_0_mask=\"u:t;\"\n\t\t\t\t\t\t\t\tdata-frame_1=\"st:1500;sp:1500;sR:1500;\"\n\t\t\t\t\t\t\t\tdata-frame_1_mask=\"u:t;\"\n\t\t\t\t\t\t\t\tdata-frame_999=\"y:100%;e:power1.in;st:w;sp:500;sR:6000;\"\n\t\t\t\t\t\t\t\tdata-frame_999_mask=\"u:t;\"\n\t\t\t\t\t\t\t\tstyle=\"z-index:8;background-color:rgba(205,176,131,1);\"\n\t\t\t\t\t\t\t> \n\t\t\t\t\t\t\t<\/rs-layer><!--\n\n\t\t\t\t\t\t\t--><rs-layer\n\t\t\t\t\t\t\t\tid=\"slider-7-slide-13-layer-5\" \n\t\t\t\t\t\t\t\tclass=\"tp-shape tp-shapewrapper\"\n\t\t\t\t\t\t\t\tdata-type=\"shape\"\n\t\t\t\t\t\t\t\tdata-xy=\"x:c;y:m;yo:137px,137px,119px,100px;\"\n\t\t\t\t\t\t\t\tdata-dim=\"w:1px;h:60px,60px,60px,45px;\"\n\t\t\t\t\t\t\t\tdata-rsp_bd=\"off\"\n\t\t\t\t\t\t\t\tdata-frame_0=\"y:-100%;o:1;\"\n\t\t\t\t\t\t\t\tdata-frame_0_mask=\"u:t;\"\n\t\t\t\t\t\t\t\tdata-frame_1=\"st:2900;sp:1500;sR:2900;\"\n\t\t\t\t\t\t\t\tdata-frame_1_mask=\"u:t;\"\n\t\t\t\t\t\t\t\tdata-frame_999=\"y:-100%;e:power1.in;st:w;sp:500;sR:4600;\"\n\t\t\t\t\t\t\t\tdata-frame_999_mask=\"u:t;\"\n\t\t\t\t\t\t\t\tstyle=\"z-index:11;background-color:rgba(205,176,131,1);\"\n\t\t\t\t\t\t\t> \n\t\t\t\t\t\t\t<\/rs-layer><!--\n\n\t\t\t\t\t\t\t--><rs-layer\n\t\t\t\t\t\t\t\tid=\"slider-7-slide-13-layer-6\" \n\t\t\t\t\t\t\t\tclass=\"Luxwine-Title\"\n\t\t\t\t\t\t\t\tdata-type=\"text\"\n\t\t\t\t\t\t\t\tdata-color=\"#ffffff||#000000||#ffffff||#ffffff\"\n\t\t\t\t\t\t\t\tdata-rsp_ch=\"on\"\n\t\t\t\t\t\t\t\tdata-xy=\"x:c;xo:1px,0,1px,-1px;y:m;yo:-11px,-5px,1px,-30px;\"\n\t\t\t\t\t\t\t\tdata-text=\"s:32,40,40,22;l:25,70,55,38;fw:600,400,400,500;a:center;\"\n\t\t\t\t\t\t\t\tdata-dim=\"w:auto,1022.53px,auto,471px;\"\n\t\t\t\t\t\t\t\tdata-frame_0=\"y:50px;\"\n\t\t\t\t\t\t\t\tdata-frame_1=\"e:power3.out;st:2550;sp:1500;sR:2550;\"\n\t\t\t\t\t\t\t\tdata-frame_999=\"x:0;y:0;z:0;sX:0.9;sY:0.9;o:0;rX:0;rY:0;rZ:0;skX:0;skY:0;st:w;sp:1000;sR:4950;\"\n\t\t\t\t\t\t\t\tstyle=\"z-index:10;font-family:'Cinzel';text-transform:uppercase;\"\n\t\t\t\t\t\t\t>Ensenada, Baja California, M\u00e9xico \n\t\t\t\t\t\t\t<\/rs-layer><!--\n-->\t\t\t\t\t<\/rs-slide>\n\t\t\t\t\t<\/rs-slides>\n\t\t\t\t<\/rs-module>\n\t\t\t\t<script>\n\t\t\t\t\tsetREVStartSize({c: 'rev_slider_7_1',rl:[1240,1024,778,480],el:[868,768,960,720],gw:[1240,1024,778,480],gh:[868,768,960,720],type:'standard',justify:'',layout:'fullscreen',offsetContainer:'',offset:'',mh:\"0\"});if (window.RS_MODULES!==undefined && window.RS_MODULES.modules!==undefined && window.RS_MODULES.modules[\"revslider71\"]!==undefined) {window.RS_MODULES.modules[\"revslider71\"].once = false;window.revapi7 = undefined;if (window.RS_MODULES.checkMinimal!==undefined) window.RS_MODULES.checkMinimal()}\n\t\t\t\t<\/script>\n\t\t\t<\/rs-module-wrap>\n\t\t\t<!-- END REVOLUTION SLIDER -->\n<\/div><\/div><\/div><\/div><div class=\"vc_row wpb_row vc_row-fluid\"><div class=\"wpb_column vc_column_container vc_col-sm-12\"><div class=\"vc_column-inner\"><div class=\"wpb_wrapper\"><div class=\"vc_empty_space\"   style=\"height: 500px\"><span class=\"vc_empty_space_inner\"><\/span><\/div><\/div><\/div><\/div><\/div><div class=\"vc_row wpb_row vc_row-fluid vc_custom_1714436153586 vc_row-has-fill\"><div class=\"wpb_column vc_column_container vc_col-sm-12 vc_col-has-fill\"><div class=\"vc_column-inner vc_custom_1714436102697\"><div class=\"wpb_wrapper\">\n\t<div class=\"title-subtitle-box  vc_custom_1714436086345 \" style=\" text-align: center;\">\n\t\t<h1 style=\" text-transform: uppercase; font-weight: 400; letter-spacing: 2px;\" >VALLE DE GUADALUPE<\/h1>\n\t<\/div> <\/div><\/div><\/div><\/div><div class=\"vc_row wpb_row vc_row-fluid vc_custom_1714435679911\"><div class=\"wpb_column vc_column_container vc_col-sm-8\"><div class=\"vc_column-inner vc_custom_1714435640969\"><div class=\"wpb_wrapper\">\n\t<div class=\"wpb_text_column wpb_content_element\" >\n\t\t<div class=\"wpb_wrapper\">\n\t\t\t<p style=\"text-align: justify;\">El Valle de Guadalupe fue poblado originalmente por grupos ind\u00edgenas yumanos, destacando los <strong>KUMIAI<\/strong>, quienes se consideran binacionales y residen en rancher\u00edas o serran\u00edas tanto en el estado de Baja California, en el noroeste de M\u00e9xico, como en el sur de California, Estados Unidos de Am\u00e9rica. Se estima que habitan actualmente 200 familias en el lado mexicano y que la actividad humana tiene 10,000 a\u00f1os de antig\u00fcedad.<\/p>\n<p style=\"text-align: justify;\">La historia vitivin\u00edcola del Valle de Guadalupe nace en el siglo XIX con el arribo de misiones espa\u00f1olas y de familias rusas. Por lo f\u00e9rtil de su suelo, sus arroyos, sus pastizales y su cercan\u00eda al mar, es apreciado desde tiempos ancestrales. En 1834, monjes dominicos establecen la Misi\u00f3n de Nuestra Se\u00f1ora de Guadalupe; y, aunque su intenci\u00f3n fue evangelizar, iniciaron el cultivo de la vid para producir vino y celebrar la liturgia.<\/p>\n<p style=\"text-align: justify;\">En el Valle de Guadalupe surge la Ruta del Vino. Es una regi\u00f3n vitivin\u00edcola localizada cerca del oc\u00e9ano Pacifico, en el municipio de Ensenada, Baja California; inmersa en un clima mediterr\u00e1neo con caracter\u00edsticas ideales como el viento y el agua para el cultivo de las mejores vides.<\/p>\n\n\t\t<\/div>\n\t<\/div>\n<\/div><\/div><\/div><div class=\"wpb_column vc_column_container vc_col-sm-4\"><div class=\"vc_column-inner vc_custom_1714435958959\"><div class=\"wpb_wrapper\">\n\t<div  class=\"wpb_single_image wpb_content_element vc_align_center wpb_content_element vc_custom_1714436227210\">\n\t\t\n\t\t<figure class=\"wpb_wrapper vc_figure\">\n\t\t\t<div class=\"vc_single_image-wrapper vc_box_shadow_3d  vc_box_border_grey\"><img loading=\"lazy\" decoding=\"async\" width=\"366\" height=\"470\" src=\"https:\/\/fincajcvg.com\/wp-content\/uploads\/2024\/04\/Kumeyaay-Medium-e1714433874158.jpeg\" class=\"vc_single_image-img attachment-large\" alt=\"\" title=\"Kumiai\" srcset=\"https:\/\/fincajcvg.com\/wp-content\/uploads\/2024\/04\/Kumeyaay-Medium-e1714433874158.jpeg 366w, https:\/\/fincajcvg.com\/wp-content\/uploads\/2024\/04\/Kumeyaay-Medium-e1714433874158-300x385.jpeg 300w, https:\/\/fincajcvg.com\/wp-content\/uploads\/2024\/04\/Kumeyaay-Medium-e1714433874158-234x300.jpeg 234w, https:\/\/fincajcvg.com\/wp-content\/uploads\/2024\/04\/Kumeyaay-Medium-e1714433874158-9x12.jpeg 9w\" sizes=\"auto, (max-width: 366px) 100vw, 366px\" \/><\/div><figcaption class=\"vc_figure-caption\">Ind\u00edgenas Kumiai<\/figcaption>\n\t\t<\/figure>\n\t<\/div>\n<\/div><\/div><\/div><\/div><div class=\"vc_row wpb_row vc_row-fluid vc_custom_1714435722634 vc_row-o-equal-height vc_row-o-content-top vc_row-flex\"><div class=\"wpb_column vc_column_container vc_col-sm-6\"><div class=\"vc_column-inner\"><div class=\"wpb_wrapper\">\n\t<div  class=\"wpb_single_image wpb_content_element vc_align_center wpb_content_element\">\n\t\t\n\t\t<figure class=\"wpb_wrapper vc_figure\">\n\t\t\t<div class=\"vc_single_image-wrapper vc_box_shadow_3d  vc_box_border_grey\"><img loading=\"lazy\" decoding=\"async\" width=\"2560\" height=\"1373\" src=\"https:\/\/fincajcvg.com\/wp-content\/uploads\/2024\/04\/WhatsApp-Image-2024-04-30-at-09.56.08.jpeg\" class=\"vc_single_image-img attachment-full\" alt=\"\" title=\"\" srcset=\"https:\/\/fincajcvg.com\/wp-content\/uploads\/2024\/04\/WhatsApp-Image-2024-04-30-at-09.56.08.jpeg 2560w, https:\/\/fincajcvg.com\/wp-content\/uploads\/2024\/04\/WhatsApp-Image-2024-04-30-at-09.56.08-300x161.jpeg 300w, https:\/\/fincajcvg.com\/wp-content\/uploads\/2024\/04\/WhatsApp-Image-2024-04-30-at-09.56.08-600x322.jpeg 600w, https:\/\/fincajcvg.com\/wp-content\/uploads\/2024\/04\/WhatsApp-Image-2024-04-30-at-09.56.08-1024x549.jpeg 1024w, https:\/\/fincajcvg.com\/wp-content\/uploads\/2024\/04\/WhatsApp-Image-2024-04-30-at-09.56.08-768x412.jpeg 768w, https:\/\/fincajcvg.com\/wp-content\/uploads\/2024\/04\/WhatsApp-Image-2024-04-30-at-09.56.08-1536x824.jpeg 1536w, https:\/\/fincajcvg.com\/wp-content\/uploads\/2024\/04\/WhatsApp-Image-2024-04-30-at-09.56.08-2048x1098.jpeg 2048w, https:\/\/fincajcvg.com\/wp-content\/uploads\/2024\/04\/WhatsApp-Image-2024-04-30-at-09.56.08-18x10.jpeg 18w\" sizes=\"auto, (max-width: 2560px) 100vw, 2560px\" \/><\/div>\n\t\t<\/figure>\n\t<\/div>\n<\/div><\/div><\/div><div class=\"wpb_column vc_column_container vc_col-sm-6\"><div class=\"vc_column-inner\"><div class=\"wpb_wrapper\">\n\t<div class=\"wpb_text_column wpb_content_element\" >\n\t\t<div class=\"wpb_wrapper\">\n\t\t\t<p style=\"text-align: justify;\">El Valle de Guadalupe es un paseo gastron\u00f3mico por su exquisita y reconocida cocina <strong>Baja Med<\/strong>, que se caracteriza por mezclar ingredientes regionales, mediterr\u00e1neos y orientales.<\/p>\n<p style=\"text-align: justify;\">El Valle de Guadalupe se considera la principal zona de producci\u00f3n de vino en M\u00e9xico. Abarca 70 mil hect\u00e1reas, 10 mil de las cuales son utilizadas para el cultivo de la vid, y est\u00e1 distribuido dentro del municipio de Ensenada; particularmente, en Francisco Zarco, lugar donde se fund\u00f3 la Misi\u00f3n de Nuestra Se\u00f1ora de Guadalupe, en el Ejido El Porvenir, cuna de la <strong>Finca JCVG<\/strong>; San Antonio de las Minas; y San Antonio Necua, sede del pueblo ind\u00edgena kumiai.<\/p>\n<p style=\"text-align: justify;\">En el Valle de Guadalupe se producen un par de millones de cajas de vinos, que representan el 90 por ciento de los vinos en M\u00e9xico.<\/p>\n\n\t\t<\/div>\n\t<\/div>\n<\/div><\/div><\/div><\/div><div class=\"vc_row wpb_row vc_row-fluid vc_custom_1714436153586 vc_row-has-fill\"><div class=\"wpb_column vc_column_container vc_col-sm-12 vc_col-has-fill\"><div class=\"vc_column-inner vc_custom_1714436102697\"><div class=\"wpb_wrapper\">\n\t<div class=\"title-subtitle-box  vc_custom_1714436474434 \" style=\" text-align: center;\">\n\t\t<h1 style=\" text-transform: uppercase; font-weight: 400; letter-spacing: 2px;\" >FINCA JCVG<\/h1>\n\t<\/div> <\/div><\/div><\/div><\/div><div class=\"vc_row wpb_row vc_row-fluid vc_custom_1714436682908 vc_row-has-fill\"><div class=\"wpb_column vc_column_container vc_col-sm-12\"><div class=\"vc_column-inner\"><div class=\"wpb_wrapper\">\n\t<div class=\"wpb_text_column wpb_content_element vc_custom_1714436660038\" >\n\t\t<div class=\"wpb_wrapper\">\n\t\t\t<p style=\"text-align: justify;\">La <strong>Finca JCVG<\/strong> es un refugio tranquilo y sereno de vides y olivos. Se distingue por ser una plantaci\u00f3n ubicada en el Ejido El Porvenir, al pie de las monta\u00f1as de la Sierra de San Felipe, acariciada por una envidiable puesta del sol y una hipn\u00f3tica y sedante Luna.<\/p>\n<p style=\"text-align: justify;\">La <strong>Finca JCVG<\/strong> es una plantaci\u00f3n donde el d\u00eda, la noche, el viento, la brisa y el agua se conjugan para brindar sus caracter\u00edsticas \u00fanicas de geograf\u00eda, luz y clima:<\/p>\n\n\t\t<\/div>\n\t<\/div>\n<\/div><\/div><\/div><\/div><div class=\"vc_row wpb_row vc_row-fluid vc_custom_1714435722634 vc_row-o-equal-height vc_row-o-content-top vc_row-flex\"><div class=\"wpb_column vc_column_container vc_col-sm-6\"><div class=\"vc_column-inner\"><div class=\"wpb_wrapper\">\n\t<div class=\"wpb_text_column wpb_content_element\" >\n\t\t<div class=\"wpb_wrapper\">\n\t\t\t<ul>\n<li style=\"list-style-type: none;\"><\/li>\n<li><strong>Geograf\u00eda<\/strong>: Zona rocosa y monta\u00f1osa con una altitud de 312 metros sobre el nivel del mar.<\/li>\n<li><strong>Luz<\/strong>: La magia y el misterio del sol y la luna convierten la uva y la aceituna en unas joyas de la naturaleza.<\/li>\n<li><strong>Clima<\/strong>: Los vientos de Santa Ana y la brisa del mar se mecen en armon\u00eda, induciendo un clima ideal para el desarrollo de la vid. Sus condiciones clim\u00e1ticas son similares a las de Bordeaux, en el sudoeste de Francia.<\/li>\n<\/ul>\n<p style=\"text-align: justify;\">Quienes integramos el equipo de la Finca JCVG estamos orgullosos de impulsar d\u00eda a d\u00eda una plantaci\u00f3n tradicional en el cultivo de la vid y el olivo, con respeto al medio ambiente y responsabilidad social; generando una fuente de empleo sustentable.<\/p>\n\n\t\t<\/div>\n\t<\/div>\n<\/div><\/div><\/div><div class=\"wpb_column vc_column_container vc_col-sm-6\"><div class=\"vc_column-inner\"><div class=\"wpb_wrapper\">\n\t<div  class=\"wpb_single_image wpb_content_element vc_align_center wpb_content_element\">\n\t\t\n\t\t<figure class=\"wpb_wrapper vc_figure\">\n\t\t\t<div class=\"vc_single_image-wrapper vc_box_shadow_3d  vc_box_border_grey\"><img loading=\"lazy\" decoding=\"async\" width=\"1280\" height=\"853\" src=\"https:\/\/fincajcvg.com\/wp-content\/uploads\/2023\/11\/MG_1674-2-Large.jpeg\" class=\"vc_single_image-img attachment-full\" alt=\"\" title=\"Cl\u00ednica de Ojos de Tijuana\" srcset=\"https:\/\/fincajcvg.com\/wp-content\/uploads\/2023\/11\/MG_1674-2-Large.jpeg 1280w, https:\/\/fincajcvg.com\/wp-content\/uploads\/2023\/11\/MG_1674-2-Large-300x200.jpeg 300w, https:\/\/fincajcvg.com\/wp-content\/uploads\/2023\/11\/MG_1674-2-Large-600x400.jpeg 600w, https:\/\/fincajcvg.com\/wp-content\/uploads\/2023\/11\/MG_1674-2-Large-1024x682.jpeg 1024w, https:\/\/fincajcvg.com\/wp-content\/uploads\/2023\/11\/MG_1674-2-Large-768x512.jpeg 768w, https:\/\/fincajcvg.com\/wp-content\/uploads\/2023\/11\/MG_1674-2-Large-18x12.jpeg 18w\" sizes=\"auto, (max-width: 1280px) 100vw, 1280px\" \/><\/div>\n\t\t<\/figure>\n\t<\/div>\n<\/div><\/div><\/div><\/div><div class=\"vc_row wpb_row vc_row-fluid vc_custom_1714437839298 vc_row-has-fill\"><div class=\"wpb_column vc_column_container vc_col-sm-12\"><div class=\"vc_column-inner\"><div class=\"wpb_wrapper\">\n\t<div class=\"wpb_text_column wpb_content_element vc_custom_1714437750051\" >\n\t\t<div class=\"wpb_wrapper\">\n\t\t\t<p style=\"text-align: justify;\">La Finca JCVG es una plantaci\u00f3n cuya vegetaci\u00f3n aut\u00f3ctona nutre el suelo. Nosotros aportamos tiempo y calidad en la siembra, la crianza de sus vides y olivos, la cosecha de sus racimos y frutos, y la selecci\u00f3n de sus uvas y aceitunas.<\/p>\n<p style=\"text-align: justify;\">La Finca JCVG se suma a la pasi\u00f3n, experiencia y calidad enol\u00f3gica y vitivin\u00edcola del Valle de Guadalupe, regi\u00f3n de la que surgen los mejores vinos del pa\u00eds.<\/p>\n\n\t\t<\/div>\n\t<\/div>\n<\/div><\/div><\/div><\/div>\n<\/div>","protected":false},"excerpt":{"rendered":"Valle de Guadalupe Ensenada, Baja California, M\u00e9xico VALLE DE GUADALUPE El Valle de Guadalupe fue poblado originalmente por grupos ind\u00edgenas yumanos, destacando los KUMIAI, quienes se consideran binacionales y residen en rancher\u00edas o serran\u00edas tanto en el estado de Baja California, en el noroeste de M\u00e9xico, como en el sur de California, Estados Unidos de<br class=\"read-more-spacer\"> <a class=\"more-link\" href=\"https:\/\/fincajcvg.com\/en\/homepage\/valle-de-guadalupe\/\">Read More<\/a>","protected":false},"author":1,"featured_media":0,"parent":688,"menu_order":0,"comment_status":"closed","ping_status":"closed","template":"","meta":{"footnotes":""},"class_list":["post-717","page","type-page","status-publish","hentry"],"aioseo_notices":[],"_links":{"self":[{"href":"https:\/\/fincajcvg.com\/en\/wp-json\/wp\/v2\/pages\/717","targetHints":{"allow":["GET"]}}],"collection":[{"href":"https:\/\/fincajcvg.com\/en\/wp-json\/wp\/v2\/pages"}],"about":[{"href":"https:\/\/fincajcvg.com\/en\/wp-json\/wp\/v2\/types\/page"}],"author":[{"embeddable":true,"href":"https:\/\/fincajcvg.com\/en\/wp-json\/wp\/v2\/users\/1"}],"replies":[{"embeddable":true,"href":"https:\/\/fincajcvg.com\/en\/wp-json\/wp\/v2\/comments?post=717"}],"version-history":[{"count":20,"href":"https:\/\/fincajcvg.com\/en\/wp-json\/wp\/v2\/pages\/717\/revisions"}],"predecessor-version":[{"id":2752,"href":"https:\/\/fincajcvg.com\/en\/wp-json\/wp\/v2\/pages\/717\/revisions\/2752"}],"up":[{"embeddable":true,"href":"https:\/\/fincajcvg.com\/en\/wp-json\/wp\/v2\/pages\/688"}],"wp:attachment":[{"href":"https:\/\/fincajcvg.com\/en\/wp-json\/wp\/v2\/media?parent=717"}],"curies":[{"name":"wp","href":"https:\/\/api.w.org\/{rel}","templated":true}]}}