{"id":688,"date":"2017-05-17T13:45:49","date_gmt":"2017-05-17T13:45:49","guid":{"rendered":"http:\/\/okthemes.com\/luxwinedemo-light\/?page_id=688"},"modified":"2026-01-07T21:58:44","modified_gmt":"2026-01-07T21:58:44","slug":"homepage","status":"publish","type":"page","link":"https:\/\/fincajcvg.com\/en\/","title":{"rendered":"Home"},"content":{"rendered":"<div class=\"wpb-content-wrapper\"><div class=\"vc_row wpb_row vc_row-fluid\"><div class=\"wpb_column vc_column_container vc_col-sm-12\"><div class=\"vc_column-inner\"><div class=\"wpb_wrapper\">\n\t\t\t<!-- START Creative Freedom REVOLUTION SLIDER 6.7.20 --><p class=\"rs-p-wp-fix\"><\/p>\n\t\t\t<rs-module-wrap id=\"rev_slider_1_1_wrapper\" data-source=\"gallery\" style=\"visibility:hidden;background:#f1f1f1;padding:0;\">\n\t\t\t\t<rs-module id=\"rev_slider_1_1\" style=\"\" data-version=\"6.7.20\">\n\t\t\t\t\t<rs-slides style=\"overflow: hidden; position: absolute;\">\n\t\t\t\t\t\t<rs-slide style=\"position: absolute;\" data-key=\"rs-1\" data-anim=\"adpr:false;ms:2000ms;\" data-in=\"o:0;row:400;\" data-out=\"a:false;\" data-p1=\"01\">\n\t\t\t\t\t\t\t<img decoding=\"async\" src=\"\/\/fincajcvg.com\/wp-content\/plugins\/revslider\/sr6\/assets\/assets\/dummy.png\" alt=\"\" width=\"1082\" height=\"393\" class=\"rev-slidebg tp-rs-img rs-lazyload\" data-lazyload=\"\/\/www.fincajcvg.com\/wp-content\/uploads\/2024\/04\/WhatsApp-Image-2024-04-30-at-09.56.07.jpeg\" data-no-retina>\n<!--\n\t\t\t\t\t\t\t--><h2\n\t\t\t\t\t\t\t\tid=\"home-rs-title\" \n\t\t\t\t\t\t\t\tclass=\"rs-layer Luxwine-SubTitle\"\n\t\t\t\t\t\t\t\tdata-type=\"text\"\n\t\t\t\t\t\t\t\tdata-color=\"rgba(255, 255, 255, 0.86)||rgba(255, 255, 255, 0.86)||#ffffff||#ffffff\"\n\t\t\t\t\t\t\t\tdata-rsp_ch=\"on\"\n\t\t\t\t\t\t\t\tdata-xy=\"x:c;xo:45px,45px,1px,0;y:m;yo:192px,192px,179px,146px;\"\n\t\t\t\t\t\t\t\tdata-text=\"s:24,24,24,22;l:14,14,24,22;a:center;\"\n\t\t\t\t\t\t\t\tdata-frame_0=\"y:50px,50px,86px,173px;\"\n\t\t\t\t\t\t\t\tdata-frame_1=\"x:0,0,0px,0px;y:0,0,0px,0px;e:power3.out;st:2350;sp:1500;sR:2350;\"\n\t\t\t\t\t\t\t\tdata-frame_999=\"x:0,0,0px,0px;y:0,0,0px,0px;z:0;sX:0.9;sY:0.9;o:0;rX:0;rY:0;rZ:0;skX:0;skY:0;st:w;sp:1000;sR:5150;\"\n\t\t\t\t\t\t\t\tstyle=\"z-index:9;font-family:'Lora';text-transform:uppercase;\"\n\t\t\t\t\t\t\t>Ensenada, Baja California, M\u00e9xico \n\t\t\t\t\t\t\t<\/h2><!--\n\n\t\t\t\t\t\t\t--><rs-layer\n\t\t\t\t\t\t\t\tid=\"slider-1-slide-1-layer-2\" \n\t\t\t\t\t\t\t\tclass=\"Luxwine-Title\"\n\t\t\t\t\t\t\t\tdata-type=\"text\"\n\t\t\t\t\t\t\t\tdata-color=\"rgba(255, 255, 255, 1)\"\n\t\t\t\t\t\t\t\tdata-rsp_ch=\"on\"\n\t\t\t\t\t\t\t\tdata-xy=\"x:c;y:m;yo:-10px;\"\n\t\t\t\t\t\t\t\tdata-text=\"s:64,70,50,28;l:64,70,55,38;a:center;\"\n\t\t\t\t\t\t\t\tdata-dim=\"w:auto,auto,auto,320px;\"\n\t\t\t\t\t\t\t\tdata-frame_0=\"y:50px;\"\n\t\t\t\t\t\t\t\tdata-frame_1=\"e:power3.out;st:2550;sp:1500;sR:2550;\"\n\t\t\t\t\t\t\t\tdata-frame_999=\"x:0;y:0;z:0;sX:0.9;sY:0.9;o:0;rX:0;rY:0;rZ:0;skX:0;skY:0;st:w;sp:1000;sR:4950;\"\n\t\t\t\t\t\t\t\tstyle=\"z-index:10;font-family:'Cinzel';text-transform:uppercase;\"\n\t\t\t\t\t\t\t> \n\t\t\t\t\t\t\t<\/rs-layer><!--\n\n\t\t\t\t\t\t\t--><rs-layer\n\t\t\t\t\t\t\t\tid=\"slider-1-slide-1-layer-7\" \n\t\t\t\t\t\t\t\tdata-type=\"image\"\n\t\t\t\t\t\t\t\tdata-rsp_ch=\"on\"\n\t\t\t\t\t\t\t\tdata-xy=\"x:c;xo:-111px,-91px,0,0;y:m;yo:-158px,-130px,53px,25px;\"\n\t\t\t\t\t\t\t\tdata-text=\"w:normal;s:20,16,12,7;l:0,20,15,9;\"\n\t\t\t\t\t\t\t\tdata-dim=\"w:497px,410px,390px,341px;h:241px,199px,189px,165px;\"\n\t\t\t\t\t\t\t\tdata-frame_999=\"o:0;st:w;\"\n\t\t\t\t\t\t\t\tstyle=\"z-index:12;\"\n\t\t\t\t\t\t\t><img decoding=\"async\" src=\"\/\/fincajcvg.com\/wp-content\/plugins\/revslider\/sr6\/assets\/assets\/dummy.png\" alt=\"\" class=\"tp-rs-img rs-lazyload\" width=\"789\" height=\"382\" data-lazyload=\"\/\/fincajcvg.com\/wp-content\/uploads\/2021\/11\/logo-blanco.png\" data-no-retina> \n\t\t\t\t\t\t\t<\/rs-layer><!--\n\n\t\t\t\t\t\t\t--><h1\n\t\t\t\t\t\t\t\tid=\"home-rs-title\" \n\t\t\t\t\t\t\t\tclass=\"rs-layer Luxwine-SubTitle\"\n\t\t\t\t\t\t\t\tdata-type=\"text\"\n\t\t\t\t\t\t\t\tdata-rsp_ch=\"on\"\n\t\t\t\t\t\t\t\tdata-xy=\"x:c;xo:3px,3px,0,0;y:m;yo:-348px,-348px,-65px,-90px;\"\n\t\t\t\t\t\t\t\tdata-text=\"s:25,25,25,23;l:14,14,25,23;a:center;\"\n\t\t\t\t\t\t\t\tdata-frame_0=\"y:50px,50px,90px,188px;\"\n\t\t\t\t\t\t\t\tdata-frame_1=\"x:0,0,0px,0px;y:0,0,0px,0px;e:power3.out;st:2350;sp:1500;sR:2350;\"\n\t\t\t\t\t\t\t\tdata-frame_999=\"x:0,0,0px,0px;y:0,0,0px,0px;z:0;sX:0.9;sY:0.9;o:0;rX:0;rY:0;rZ:0;skX:0;skY:0;st:w;sp:1000;sR:5150;\"\n\t\t\t\t\t\t\t\tstyle=\"z-index:8;font-family:'Lora';text-transform:uppercase;\"\n\t\t\t\t\t\t\t>Bienvenidos a \n\t\t\t\t\t\t\t<\/h1><!--\n-->\t\t\t\t\t<\/rs-slide>\n\t\t\t\t\t<\/rs-slides>\n\t\t\t\t<\/rs-module>\n\t\t\t\t<script>\n\t\t\t\t\tsetREVStartSize({c: 'rev_slider_1_1',rl:[1240,1024,778,480],el:[868,768,960,720],gw:[1240,1024,778,480],gh:[868,768,960,720],type:'standard',justify:'',layout:'fullscreen',offsetContainer:'',offset:'',mh:\"0\"});if (window.RS_MODULES!==undefined && window.RS_MODULES.modules!==undefined && window.RS_MODULES.modules[\"revslider11\"]!==undefined) {window.RS_MODULES.modules[\"revslider11\"].once = false;window.revapi1 = undefined;if (window.RS_MODULES.checkMinimal!==undefined) window.RS_MODULES.checkMinimal()}\n\t\t\t\t<\/script>\n\t\t\t<\/rs-module-wrap>\n\t\t\t<!-- END REVOLUTION SLIDER -->\n<\/div><\/div><\/div><\/div><div class=\"vc_row wpb_row vc_row-fluid\"><div class=\"wpb_column vc_column_container vc_col-sm-12\"><div class=\"vc_column-inner\"><div class=\"wpb_wrapper\"><div class=\"vc_empty_space\"   style=\"height: 800px\"><span class=\"vc_empty_space_inner\"><\/span><\/div><\/div><\/div><\/div><\/div><div class=\"vc_row wpb_row vc_row-fluid vc_column-gap-5 vc_row-o-equal-height vc_row-o-content-middle vc_row-flex\"><div class=\"wpb_column vc_column_container vc_col-sm-8 vc_col-lg-12 vc_col-has-fill\"><div class=\"vc_column-inner vc_custom_1619107432894\"><div class=\"wpb_wrapper\">\n\t<div class=\"title-subtitle-box  remove-title-margin  \" style=\" text-align: center;\">\n\t\t<h1 style=\" text-transform: uppercase; font-weight: 400; letter-spacing: 0px;\" >Un vi\u00f1edo con legendaria sabidur\u00eda.<\/h1>\n\t<\/div> <div class=\"vc_row wpb_row vc_inner vc_row-fluid\"><div class=\"wpb_column vc_column_container vc_col-sm-6\"><div class=\"vc_column-inner\"><div class=\"wpb_wrapper\">\n\t<div class=\"title-subtitle-box  remove-title-margin  \" style=\" text-align: center;\">\n\t\t<h4 style=\" text-transform: uppercase; font-weight: 300; letter-spacing: 0px;\" >VINOS DE PARCELAS<\/h4>\n\t<\/div> \n\t<div  class=\"wpb_single_image wpb_content_element vc_align_center wpb_content_element\">\n\t\t\n\t\t<figure class=\"wpb_wrapper vc_figure\">\n\t\t\t<div class=\"vc_single_image-wrapper vc_box_rounded  vc_box_border_grey\"><img decoding=\"async\" class=\"vc_single_image-img \" src=\"https:\/\/fincajcvg.com\/wp-content\/uploads\/2023\/11\/MG_1721-Large-480x319.jpeg\" width=\"480\" height=\"319\" alt=\"Cl\u00ednica de Ojos de Tijuana\" title=\"Cl\u00ednica de Ojos de Tijuana\" loading=\"lazy\" \/><\/div>\n\t\t<\/figure>\n\t<\/div>\n<\/div><\/div><\/div><div class=\"wpb_column vc_column_container vc_col-sm-6\"><div class=\"vc_column-inner\"><div class=\"wpb_wrapper\">\n\t<div class=\"title-subtitle-box  remove-title-margin  \" style=\" text-align: center;\">\n\t\t<h4 style=\" text-transform: uppercase; font-weight: 300; letter-spacing: 0px;\" >VALLE DE GUADALUPE ENSENADA, BAJA CALIFORNIA, M\u00c9XICO<\/h4>\n\t<\/div> \n\t<div  class=\"wpb_single_image wpb_content_element vc_align_center wpb_content_element\">\n\t\t\n\t\t<figure class=\"wpb_wrapper vc_figure\">\n\t\t\t<div class=\"vc_single_image-wrapper vc_box_rounded  vc_box_border_grey\"><img decoding=\"async\" class=\"vc_single_image-img \" src=\"https:\/\/fincajcvg.com\/wp-content\/uploads\/2023\/11\/LDB_ENSENADA_MAPA_2-Medium-480x319.jpeg\" width=\"480\" height=\"319\" alt=\"Baja California\" title=\"Baja California\" loading=\"lazy\" \/><\/div>\n\t\t<\/figure>\n\t<\/div>\n<\/div><\/div><\/div><\/div><\/div><\/div><\/div><\/div><div class=\"vc_row wpb_row vc_row-fluid wideOnly\"><div class=\"wpb_column vc_column_container vc_col-sm-12 vc_hidden-sm vc_hidden-xs\"><div class=\"vc_column-inner\"><div class=\"wpb_wrapper\"><div id=\"mobileProducts\" class=\"wpb_images_carousel wpb_content_element vc_clearfix vc_custom_1754952518822 wpb_content_element mobileOnly\"><div class=\"wpb_wrapper\"><div id=\"vc_images-carousel-1-1778065822\" data-ride=\"vc_carousel\" data-wrap=\"true\" style=\"width: 852px;\" data-interval=\"5000\" data-auto-height=\"yes\" data-mode=\"horizontal\" data-partial=\"false\" data-per-view=\"3\" data-hide-on-end=\"false\" class=\"vc_slide vc_images_carousel\"><ol class=\"vc_carousel-indicators\"><li data-target=\"#vc_images-carousel-1-1778065822\" data-slide-to=\"0\"><\/li><li data-target=\"#vc_images-carousel-1-1778065822\" data-slide-to=\"1\"><\/li><li data-target=\"#vc_images-carousel-1-1778065822\" data-slide-to=\"2\"><\/li><li data-target=\"#vc_images-carousel-1-1778065822\" data-slide-to=\"3\"><\/li><li data-target=\"#vc_images-carousel-1-1778065822\" data-slide-to=\"4\"><\/li><li data-target=\"#vc_images-carousel-1-1778065822\" data-slide-to=\"5\"><\/li><\/ol><div class=\"vc_carousel-inner\"><div class=\"vc_carousel-slideline\"><div class=\"vc_carousel-slideline-inner\"><div class=\"vc_item\"><div class=\"vc_inner\"><a href=\"https:\/\/www.fincajcvg.com\/vinos\/syrah-2021\/\" target=\"_self\"><img decoding=\"async\" class=\"\" src=\"https:\/\/fincajcvg.com\/wp-content\/uploads\/2024\/11\/Syrah.png\" width=\"566\" height=\"1361\" alt=\"Syrah\" title=\"Syrah\" loading=\"lazy\" \/><\/a><\/div><\/div><div class=\"vc_item\"><div class=\"vc_inner\"><a href=\"https:\/\/www.fincajcvg.com\/vinos\/malbec-2021\/\" target=\"_self\"><img decoding=\"async\" class=\"\" src=\"https:\/\/fincajcvg.com\/wp-content\/uploads\/2024\/11\/Malbec.png\" width=\"566\" height=\"1361\" alt=\"Malbec\" title=\"Malbec\" loading=\"lazy\" \/><\/a><\/div><\/div><div class=\"vc_item\"><div class=\"vc_inner\"><a href=\"https:\/\/www.fincajcvg.com\/vinos\/sauvignon-blanc\/\" target=\"_self\"><img decoding=\"async\" class=\"\" src=\"https:\/\/fincajcvg.com\/wp-content\/uploads\/2021\/06\/Sauvignon.png\" width=\"566\" height=\"1372\" alt=\"Sauvignon\" title=\"Sauvignon\" loading=\"lazy\" \/><\/a><\/div><\/div><div class=\"vc_item\"><div class=\"vc_inner\"><a href=\"https:\/\/www.fincajcvg.com\/vinos\/nebbiolo\/\" target=\"_self\"><img decoding=\"async\" class=\"\" src=\"https:\/\/fincajcvg.com\/wp-content\/uploads\/2021\/06\/Nebbiolo.png\" width=\"566\" height=\"1361\" alt=\"Nebbiolo\" title=\"Nebbiolo\" loading=\"lazy\" \/><\/a><\/div><\/div><div class=\"vc_item\"><div class=\"vc_inner\"><a href=\"https:\/\/www.fincajcvg.com\/vinos\/merlot\/\" target=\"_self\"><img decoding=\"async\" class=\"\" src=\"https:\/\/fincajcvg.com\/wp-content\/uploads\/2022\/12\/Merlot.png\" width=\"566\" height=\"1361\" alt=\"Merlot\" title=\"Merlot\" loading=\"lazy\" \/><\/a><\/div><\/div><div class=\"vc_item\"><div class=\"vc_inner\"><a href=\"http:\/\/fincajcvg.com\/vinos\/cabernet-sauvignon-2021\/\" target=\"_self\"><img decoding=\"async\" class=\"\" src=\"https:\/\/fincajcvg.com\/wp-content\/uploads\/2024\/11\/Cabernet.png\" width=\"566\" height=\"1361\" alt=\"Cabernet Sauvignon 2021\" title=\"Cabernet Sauvignon 2021\" loading=\"lazy\" \/><\/a><\/div><\/div><\/div><\/div><\/div><a class=\"vc_left vc_carousel-control\" href=\"#vc_images-carousel-1-1778065822\" data-slide=\"prev\"><span class=\"icon-prev\"><\/span><\/a><a class=\"vc_right vc_carousel-control\" href=\"#vc_images-carousel-1-1778065822\" data-slide=\"next\"><span class=\"icon-next\"><\/span><\/a><\/div><\/div><\/div><\/div><\/div><\/div><\/div><div class=\"vc_row wpb_row vc_row-fluid\"><div class=\"wpb_column vc_column_container vc_col-sm-12 vc_hidden-lg vc_hidden-md\"><div class=\"vc_column-inner\"><div class=\"wpb_wrapper\"><div class=\"woocommerce columns-6 \"><div class=\"row\">\r\n<ul class=\"products columns-6\">\r\n\r\n<li class=\"col-xs-12 col-sm-6 col-md-2 product type-product post-2591 status-publish first instock product_cat-vinos has-post-thumbnail taxable shipping-taxable purchasable product-type-simple\">\r\n\r\n\t<a href=\"https:\/\/fincajcvg.com\/en\/vinos\/cabernet-sauvignon-2021\/\" class=\"woocommerce-LoopProduct-link woocommerce-loop-product__link\"><div class=\"gg-product-image-wrapper\"><img loading=\"lazy\" decoding=\"async\" width=\"300\" height=\"721\" src=\"https:\/\/fincajcvg.com\/wp-content\/uploads\/2024\/11\/Cabernet-300x721.png\" class=\"attachment-woocommerce_thumbnail size-woocommerce_thumbnail\" alt=\"Cabernet Sauvignon 2021\" srcset=\"https:\/\/fincajcvg.com\/wp-content\/uploads\/2024\/11\/Cabernet-300x721.png 300w, https:\/\/fincajcvg.com\/wp-content\/uploads\/2024\/11\/Cabernet-125x300.png 125w, https:\/\/fincajcvg.com\/wp-content\/uploads\/2024\/11\/Cabernet-426x1024.png 426w, https:\/\/fincajcvg.com\/wp-content\/uploads\/2024\/11\/Cabernet-5x12.png 5w, https:\/\/fincajcvg.com\/wp-content\/uploads\/2024\/11\/Cabernet.png 566w\" sizes=\"auto, (max-width: 300px) 100vw, 300px\" \/><\/div><div class=\"gg-product-meta-wrapper\"><h2 class=\"woocommerce-loop-product__title\">Cabernet Sauvignon<\/h2><\/a>\n\t<span class=\"price\"><span class=\"woocommerce-Price-amount amount\"><bdi><span class=\"woocommerce-Price-currencySymbol\">&#36;<\/span>650.00<\/bdi><\/span> <small class=\"woocommerce-price-suffix\">Impuestos Incluidos<\/small><\/span>\n<a href=\"\/en\/wp-json\/wp\/v2\/pages\/688?add-to-cart=2591\" aria-describedby=\"woocommerce_loop_add_to_cart_link_describedby_2591\" data-quantity=\"1\" class=\"button product_type_simple add_to_cart_button ajax_add_to_cart\" data-product_id=\"2591\" data-product_sku=\"LDB-CS-21\" aria-label=\"Add to cart: &ldquo;Cabernet Sauvignon&rdquo;\" rel=\"nofollow\" data-success_message=\"&ldquo;Cabernet Sauvignon&rdquo; has been added to your cart\">Add to cart<\/a>\t<span id=\"woocommerce_loop_add_to_cart_link_describedby_2591\" class=\"screen-reader-text\">\n\t\t\t<\/span>\n<\/div>\r\n<\/li>\r\n\r\n<li class=\"col-xs-12 col-sm-6 col-md-2 product type-product post-2601 status-publish instock product_cat-vinos has-post-thumbnail taxable shipping-taxable purchasable product-type-simple\">\r\n\r\n\t<a href=\"https:\/\/fincajcvg.com\/en\/vinos\/malbec-2021\/\" class=\"woocommerce-LoopProduct-link woocommerce-loop-product__link\"><div class=\"gg-product-image-wrapper\"><img loading=\"lazy\" decoding=\"async\" width=\"300\" height=\"721\" src=\"https:\/\/fincajcvg.com\/wp-content\/uploads\/2024\/11\/Malbec-300x721.png\" class=\"attachment-woocommerce_thumbnail size-woocommerce_thumbnail\" alt=\"Malbec\" srcset=\"https:\/\/fincajcvg.com\/wp-content\/uploads\/2024\/11\/Malbec-300x721.png 300w, https:\/\/fincajcvg.com\/wp-content\/uploads\/2024\/11\/Malbec-125x300.png 125w, https:\/\/fincajcvg.com\/wp-content\/uploads\/2024\/11\/Malbec-426x1024.png 426w, https:\/\/fincajcvg.com\/wp-content\/uploads\/2024\/11\/Malbec-5x12.png 5w, https:\/\/fincajcvg.com\/wp-content\/uploads\/2024\/11\/Malbec.png 566w\" sizes=\"auto, (max-width: 300px) 100vw, 300px\" \/><\/div><div class=\"gg-product-meta-wrapper\"><h2 class=\"woocommerce-loop-product__title\">Malbec<\/h2><\/a>\n\t<span class=\"price\"><span class=\"woocommerce-Price-amount amount\"><bdi><span class=\"woocommerce-Price-currencySymbol\">&#36;<\/span>650.00<\/bdi><\/span> <small class=\"woocommerce-price-suffix\">Impuestos Incluidos<\/small><\/span>\n<a href=\"\/en\/wp-json\/wp\/v2\/pages\/688?add-to-cart=2601\" aria-describedby=\"woocommerce_loop_add_to_cart_link_describedby_2601\" data-quantity=\"1\" class=\"button product_type_simple add_to_cart_button ajax_add_to_cart\" data-product_id=\"2601\" data-product_sku=\"LDB-MLB-21\" aria-label=\"Add to cart: &ldquo;Malbec&rdquo;\" rel=\"nofollow\" data-success_message=\"&ldquo;Malbec&rdquo; has been added to your cart\">Add to cart<\/a>\t<span id=\"woocommerce_loop_add_to_cart_link_describedby_2601\" class=\"screen-reader-text\">\n\t\t\t<\/span>\n<\/div>\r\n<\/li>\r\n\r\n<li class=\"col-xs-12 col-sm-6 col-md-2 product type-product post-2050 status-publish instock product_cat-vinos has-post-thumbnail taxable shipping-taxable purchasable product-type-simple\">\r\n\r\n\t<a href=\"https:\/\/fincajcvg.com\/en\/vinos\/merlot\/\" class=\"woocommerce-LoopProduct-link woocommerce-loop-product__link\"><div class=\"gg-product-image-wrapper\"><img loading=\"lazy\" decoding=\"async\" width=\"300\" height=\"721\" src=\"https:\/\/fincajcvg.com\/wp-content\/uploads\/2022\/12\/Merlot-300x721.png\" class=\"attachment-woocommerce_thumbnail size-woocommerce_thumbnail\" alt=\"Merlot\" srcset=\"https:\/\/fincajcvg.com\/wp-content\/uploads\/2022\/12\/Merlot-300x721.png 300w, https:\/\/fincajcvg.com\/wp-content\/uploads\/2022\/12\/Merlot-125x300.png 125w, https:\/\/fincajcvg.com\/wp-content\/uploads\/2022\/12\/Merlot-426x1024.png 426w, https:\/\/fincajcvg.com\/wp-content\/uploads\/2022\/12\/Merlot-5x12.png 5w, https:\/\/fincajcvg.com\/wp-content\/uploads\/2022\/12\/Merlot.png 566w\" sizes=\"auto, (max-width: 300px) 100vw, 300px\" \/><\/div><div class=\"gg-product-meta-wrapper\"><h2 class=\"woocommerce-loop-product__title\">Merlot<\/h2><\/a>\n\t<span class=\"price\"><span class=\"woocommerce-Price-amount amount\"><bdi><span class=\"woocommerce-Price-currencySymbol\">&#36;<\/span>650.00<\/bdi><\/span> <small class=\"woocommerce-price-suffix\">Impuestos Incluidos<\/small><\/span>\n<a href=\"\/en\/wp-json\/wp\/v2\/pages\/688?add-to-cart=2050\" aria-describedby=\"woocommerce_loop_add_to_cart_link_describedby_2050\" data-quantity=\"1\" class=\"button product_type_simple add_to_cart_button ajax_add_to_cart\" data-product_id=\"2050\" data-product_sku=\"LDB-MLT-21\" aria-label=\"Add to cart: &ldquo;Merlot&rdquo;\" rel=\"nofollow\" data-success_message=\"&ldquo;Merlot&rdquo; has been added to your cart\">Add to cart<\/a>\t<span id=\"woocommerce_loop_add_to_cart_link_describedby_2050\" class=\"screen-reader-text\">\n\t\t\t<\/span>\n<\/div>\r\n<\/li>\r\n\r\n<li class=\"col-xs-12 col-sm-6 col-md-2 product type-product post-1676 status-publish instock product_cat-vinos has-post-thumbnail taxable shipping-taxable purchasable product-type-simple\">\r\n\r\n\t<a href=\"https:\/\/fincajcvg.com\/en\/vinos\/nebbiolo\/\" class=\"woocommerce-LoopProduct-link woocommerce-loop-product__link\"><div class=\"gg-product-image-wrapper\"><img loading=\"lazy\" decoding=\"async\" width=\"300\" height=\"721\" src=\"https:\/\/fincajcvg.com\/wp-content\/uploads\/2021\/06\/Nebbiolo-300x721.png\" class=\"attachment-woocommerce_thumbnail size-woocommerce_thumbnail\" alt=\"Nebbiolo\" srcset=\"https:\/\/fincajcvg.com\/wp-content\/uploads\/2021\/06\/Nebbiolo-300x721.png 300w, https:\/\/fincajcvg.com\/wp-content\/uploads\/2021\/06\/Nebbiolo-125x300.png 125w, https:\/\/fincajcvg.com\/wp-content\/uploads\/2021\/06\/Nebbiolo-426x1024.png 426w, https:\/\/fincajcvg.com\/wp-content\/uploads\/2021\/06\/Nebbiolo-5x12.png 5w, https:\/\/fincajcvg.com\/wp-content\/uploads\/2021\/06\/Nebbiolo.png 566w\" sizes=\"auto, (max-width: 300px) 100vw, 300px\" \/><\/div><div class=\"gg-product-meta-wrapper\"><h2 class=\"woocommerce-loop-product__title\">Nebbiolo<\/h2><\/a>\n\t<span class=\"price\"><span class=\"woocommerce-Price-amount amount\"><bdi><span class=\"woocommerce-Price-currencySymbol\">&#36;<\/span>650.00<\/bdi><\/span> <small class=\"woocommerce-price-suffix\">Impuestos Incluidos<\/small><\/span>\n<a href=\"\/en\/wp-json\/wp\/v2\/pages\/688?add-to-cart=1676\" aria-describedby=\"woocommerce_loop_add_to_cart_link_describedby_1676\" data-quantity=\"1\" class=\"button product_type_simple add_to_cart_button ajax_add_to_cart\" data-product_id=\"1676\" data-product_sku=\"LDB-NBL-21\" aria-label=\"Add to cart: &ldquo;Nebbiolo&rdquo;\" rel=\"nofollow\" data-success_message=\"&ldquo;Nebbiolo&rdquo; has been added to your cart\">Add to cart<\/a>\t<span id=\"woocommerce_loop_add_to_cart_link_describedby_1676\" class=\"screen-reader-text\">\n\t\t\t<\/span>\n<\/div>\r\n<\/li>\r\n\r\n<li class=\"col-xs-12 col-sm-6 col-md-2 product type-product post-1674 status-publish instock product_cat-vinos has-post-thumbnail taxable shipping-taxable purchasable product-type-simple\">\r\n\r\n\t<a href=\"https:\/\/fincajcvg.com\/en\/vinos\/sauvignon-blanc\/\" class=\"woocommerce-LoopProduct-link woocommerce-loop-product__link\"><div class=\"gg-product-image-wrapper\"><img loading=\"lazy\" decoding=\"async\" width=\"300\" height=\"727\" src=\"https:\/\/fincajcvg.com\/wp-content\/uploads\/2021\/06\/Sauvignon-300x727.png\" class=\"attachment-woocommerce_thumbnail size-woocommerce_thumbnail\" alt=\"Sauvignon Blanc\" srcset=\"https:\/\/fincajcvg.com\/wp-content\/uploads\/2021\/06\/Sauvignon-300x727.png 300w, https:\/\/fincajcvg.com\/wp-content\/uploads\/2021\/06\/Sauvignon-124x300.png 124w, https:\/\/fincajcvg.com\/wp-content\/uploads\/2021\/06\/Sauvignon-422x1024.png 422w, https:\/\/fincajcvg.com\/wp-content\/uploads\/2021\/06\/Sauvignon-5x12.png 5w, https:\/\/fincajcvg.com\/wp-content\/uploads\/2021\/06\/Sauvignon.png 566w\" sizes=\"auto, (max-width: 300px) 100vw, 300px\" \/><\/div><div class=\"gg-product-meta-wrapper\"><h2 class=\"woocommerce-loop-product__title\">Sauvignon Blanc<\/h2><\/a>\n\t<span class=\"price\"><span class=\"woocommerce-Price-amount amount\"><bdi><span class=\"woocommerce-Price-currencySymbol\">&#36;<\/span>450.00<\/bdi><\/span> <small class=\"woocommerce-price-suffix\">Impuestos Incluidos<\/small><\/span>\n<a href=\"\/en\/wp-json\/wp\/v2\/pages\/688?add-to-cart=1674\" aria-describedby=\"woocommerce_loop_add_to_cart_link_describedby_1674\" data-quantity=\"1\" class=\"button product_type_simple add_to_cart_button ajax_add_to_cart\" data-product_id=\"1674\" data-product_sku=\"LDB-SBL-24\" aria-label=\"Add to cart: &ldquo;Sauvignon Blanc&rdquo;\" rel=\"nofollow\" data-success_message=\"&ldquo;Sauvignon Blanc&rdquo; has been added to your cart\">Add to cart<\/a>\t<span id=\"woocommerce_loop_add_to_cart_link_describedby_1674\" class=\"screen-reader-text\">\n\t\t\t<\/span>\n<\/div>\r\n<\/li>\r\n\r\n<li class=\"col-xs-12 col-sm-6 col-md-2 product type-product post-2603 status-publish last instock product_cat-vinos has-post-thumbnail taxable shipping-taxable purchasable product-type-simple\">\r\n\r\n\t<a href=\"https:\/\/fincajcvg.com\/en\/vinos\/syrah-2021\/\" class=\"woocommerce-LoopProduct-link woocommerce-loop-product__link\"><div class=\"gg-product-image-wrapper\"><img loading=\"lazy\" decoding=\"async\" width=\"300\" height=\"721\" src=\"https:\/\/fincajcvg.com\/wp-content\/uploads\/2024\/11\/Syrah-300x721.png\" class=\"attachment-woocommerce_thumbnail size-woocommerce_thumbnail\" alt=\"Syrah\" srcset=\"https:\/\/fincajcvg.com\/wp-content\/uploads\/2024\/11\/Syrah-300x721.png 300w, https:\/\/fincajcvg.com\/wp-content\/uploads\/2024\/11\/Syrah-125x300.png 125w, https:\/\/fincajcvg.com\/wp-content\/uploads\/2024\/11\/Syrah-426x1024.png 426w, https:\/\/fincajcvg.com\/wp-content\/uploads\/2024\/11\/Syrah-5x12.png 5w, https:\/\/fincajcvg.com\/wp-content\/uploads\/2024\/11\/Syrah.png 566w\" sizes=\"auto, (max-width: 300px) 100vw, 300px\" \/><\/div><div class=\"gg-product-meta-wrapper\"><h2 class=\"woocommerce-loop-product__title\">Syrah<\/h2><\/a>\n\t<span class=\"price\"><span class=\"woocommerce-Price-amount amount\"><bdi><span class=\"woocommerce-Price-currencySymbol\">&#36;<\/span>650.00<\/bdi><\/span> <small class=\"woocommerce-price-suffix\">Impuestos Incluidos<\/small><\/span>\n<a href=\"\/en\/wp-json\/wp\/v2\/pages\/688?add-to-cart=2603\" aria-describedby=\"woocommerce_loop_add_to_cart_link_describedby_2603\" data-quantity=\"1\" class=\"button product_type_simple add_to_cart_button ajax_add_to_cart\" data-product_id=\"2603\" data-product_sku=\"LDB-SYR-21\" aria-label=\"Add to cart: &ldquo;Syrah&rdquo;\" rel=\"nofollow\" data-success_message=\"&ldquo;Syrah&rdquo; has been added to your cart\">Add to cart<\/a>\t<span id=\"woocommerce_loop_add_to_cart_link_describedby_2603\" class=\"screen-reader-text\">\n\t\t\t<\/span>\n<\/div>\r\n<\/li>\r\n<\/ul>\r\n<\/div><\/div><\/div><\/div><\/div><\/div>\n<\/div>","protected":false},"excerpt":{"rendered":"Ensenada, Baja California, M\u00e9xico Bienvenidos a Un vi\u00f1edo con legendaria sabidur\u00eda. VINOS DE PARCELAS VALLE DE GUADALUPE ENSENADA, BAJA CALIFORNIA, M\u00c9XICO Cabernet Sauvignon &#36;650.00 Impuestos Incluidos Add to cart Malbec &#36;650.00 Impuestos Incluidos Add to cart Merlot &#36;650.00 Impuestos Incluidos Add to cart Nebbiolo &#36;650.00 Impuestos Incluidos Add to cart Sauvignon<br class=\"read-more-spacer\"> <a class=\"more-link\" href=\"https:\/\/fincajcvg.com\/en\/\">Read More<\/a>","protected":false},"author":2,"featured_media":0,"parent":0,"menu_order":0,"comment_status":"closed","ping_status":"closed","template":"","meta":{"footnotes":""},"class_list":["post-688","page","type-page","status-publish","hentry"],"aioseo_notices":[],"_links":{"self":[{"href":"https:\/\/fincajcvg.com\/en\/wp-json\/wp\/v2\/pages\/688","targetHints":{"allow":["GET"]}}],"collection":[{"href":"https:\/\/fincajcvg.com\/en\/wp-json\/wp\/v2\/pages"}],"about":[{"href":"https:\/\/fincajcvg.com\/en\/wp-json\/wp\/v2\/types\/page"}],"author":[{"embeddable":true,"href":"https:\/\/fincajcvg.com\/en\/wp-json\/wp\/v2\/users\/2"}],"replies":[{"embeddable":true,"href":"https:\/\/fincajcvg.com\/en\/wp-json\/wp\/v2\/comments?post=688"}],"version-history":[{"count":49,"href":"https:\/\/fincajcvg.com\/en\/wp-json\/wp\/v2\/pages\/688\/revisions"}],"predecessor-version":[{"id":2756,"href":"https:\/\/fincajcvg.com\/en\/wp-json\/wp\/v2\/pages\/688\/revisions\/2756"}],"wp:attachment":[{"href":"https:\/\/fincajcvg.com\/en\/wp-json\/wp\/v2\/media?parent=688"}],"curies":[{"name":"wp","href":"https:\/\/api.w.org\/{rel}","templated":true}]}}