{"id":3,"date":"2021-02-15T13:20:59","date_gmt":"2021-02-15T13:20:59","guid":{"rendered":"http:\/?page_id=3"},"modified":"2022-03-07T16:17:34","modified_gmt":"2022-03-07T16:17:34","slug":"privacy-policy","status":"publish","type":"page","link":"https:\/\/fincajcvg.com\/en\/privacy-policy\/","title":{"rendered":"Aviso de Privacidad"},"content":{"rendered":"<p>En cumplimiento con la Ley Federal de Protecci\u00f3n de Datos Personales en Posesi\u00f3n de Particulares (en lo sucesivo la \u201cLey\u201d), Finca JCVG, S.A. de C.V., sus empresas tenedoras, afiliadas y subsidiarias, conjunta o indistintamente, y que en lo sucesivo se denominar\u00e1 Finca JCVG, hacen de su conocimiento los t\u00e9rminos y condiciones del trato de la informaci\u00f3n y datos personales, as\u00ed como la forma en la que Usted puede tener acceso a esta informaci\u00f3n.<\/p>\n\n\n\n<p><strong>Autorizaci\u00f3n para el tratamiento de la Informaci\u00f3n:<\/strong><\/p>\n\n\n\n<p>De acuerdo a lo anterior y a los t\u00e9rminos mencionados en el presente \u201cAviso de Privacidad\u201d, el titular de la informaci\u00f3n autoriza a Finca JCVG a recabar, tratar, usar y almacenar datos personales, incluso los datos personales sensibles, que por su propia voluntad Usted proporcione de manera oral, escrita, por medios f\u00edsicos, electr\u00f3nicos, electromagn\u00e9ticos, visuales, sonoros o cualquier otro. Por lo antes mencionado, y al momento de leer el presente \u201cAviso de Privacidad\u201d, Usted otorga su consentimiento t\u00e1cito para recopilar y utilizar sus datos personales para los fines que en el presente Aviso se especifican.<\/p>\n\n\n\n<p><strong>Finalidad:<\/strong><\/p>\n\n\n\n<p>Los datos personales ser\u00e1n utilizados espec\u00edficamente para los fines que Usted los proporcion\u00f3, los cuales pueden ser: reclutamiento y selecci\u00f3n de personal, alta en nuestras bases de datos de Clientes y\/o Proveedores, para el suministro de productos y\/o servicios solicitados, para cumplimiento de obligaciones derivadas de operaciones mercantiles en las que usted es parte como por ejemplo contratos de prestaci\u00f3n de servicios de, entre otros,<strong> <\/strong>la explotaci\u00f3n agr\u00edcola de tierras para el sembrado y el cultivo de todo tipo de semillas permitidas por la ley, incluyendo sin limitaci\u00f3n alguna, el sembrado y cultivo de cualquier clase y variedad de uvas; la transformaci\u00f3n, procesamiento y fermentaci\u00f3n de uvas para la elaboraci\u00f3n y envasado de vinos y cualesquiera otros productos derivados de la uva y cualquier otro cultivo permitido por la ley; contratos civiles como arrendamientos, cesiones y contratos de servicios, operaciones financieras, pagos, o bien, para proporcionarle informaci\u00f3n de productos, servicios, promociones, encuestas, concursos o avisos que pudieran ser de su inter\u00e9s, para actualizaci\u00f3n y manejo interno, etc.<\/p>\n\n\n\n<p><strong>Transmisi\u00f3n y Transferencia de Datos Personales<\/strong><\/p>\n\n\n\n<p>El Titular de los Datos Personales, autoriza a Finca JCVG para tratar, usar, almacenar y\/o transferir sus datos personales (a\u00fan y los sensibles) a empresas tenedoras, filiales y\/o subsidiarias del grupo y\/o terceros nacionales o extranjeros relacionados con los fines que aqu\u00ed se se\u00f1alan y a revelar la informaci\u00f3n personal que Usted nos proporcione, para cumplir con la legislaci\u00f3n aplicable o por requerimientos de la autoridad competente.<\/p>\n\n\n\n<p><strong>Medios para ejercer los derechos relativos a la informaci\u00f3n.<\/strong><\/p>\n\n\n\n<p>El Titular de la Informaci\u00f3n Personal podr\u00e1 solicitar a Finca JCVG, el Acceso, Rectificaci\u00f3n, Cancelaci\u00f3n u Oposici\u00f3n (\u201cDerechos ARCO\u201d) de su informaci\u00f3n de conformidad con lo dispuesto en la Ley de la materia, mediante solicitud por escrito que deber\u00e1 presentar ante Finca JCVG en el domicilio aqu\u00ed establecido, debiendo se\u00f1alar en la misma, domicilio y\/o correo electr\u00f3nico para recibir notificaciones y presentar documentos que acrediten su identidad, descripci\u00f3n clara y precisa de los datos personales, el objeto de la solicitud y anexar copia de los documentos o elementos en que sustente su petici\u00f3n. Finca JCVG comunicar\u00e1 la respuesta en un plazo de 15 d\u00edas contados a partir de la recepci\u00f3n de la solicitud y la respuesta se notificar\u00e1 por el medio se\u00f1alado en la misma.<\/p>\n\n\n\n<p><strong>Protecci\u00f3n de Datos:<\/strong><\/p>\n\n\n\n<p>Finca JCVG cuenta con los medios f\u00edsicos, digitales y electr\u00f3nicos para proteger y limitar el uso o divulgaci\u00f3n de su informaci\u00f3n y no obtiene ni almacena informaci\u00f3n de ninguna especie mediante cookies, web beacons o similares durante el acceso a su p\u00e1gina web y no utiliza la informaci\u00f3n de los particulares para fines distintos a los relacionados con sus operaciones comerciales y\/o los arriba se\u00f1alados.<\/p>\n\n\n\n<p><strong>Modificaciones:<\/strong><\/p>\n\n\n\n<p>Finca JCVG se reserva el derecho de modificar este Aviso de Privacidad. Cualquier modificaci\u00f3n que Finca JCVG realice en el futuro a los t\u00e9rminos del Aviso de Privacidad estar\u00e1 disponible y se dar\u00e1 a conocer por medio del portal https:\/\/fincajcvg.com\/ y al no presentar oposici\u00f3n alguna dentro del t\u00e9rmino de 5 d\u00edas posteriores a la modificaci\u00f3n, se entiende que consiente y est\u00e1 de acuerdo con los nuevos t\u00e9rminos.<\/p>\n\n\n\n<p><strong>Consentimiento:<\/strong><\/p>\n\n\n\n<p>Al proporcionar informaci\u00f3n personal y sensible de manera f\u00edsica, electr\u00f3nica o por cualquier otro medio, Usted declara que ha le\u00eddo el presente Aviso de Privacidad y entiende el alcance y contenido del mismo y al no manifestar oposici\u00f3n alguna por escrito ante Finca JCVG, expresa su entera conformidad con los t\u00e9rminos y condiciones aqu\u00ed contenidas. Si Usted no est\u00e1 de acuerdo con los t\u00e9rminos se\u00f1alados en este aviso, no ingrese ni proporcione sus datos por ning\u00fan medio.<\/p>\n\n\n\n<p><strong>Contacto:<\/strong><\/p>\n\n\n\n<p>Finca JCVG se\u00f1ala como domicilio para efectos de este aviso el ubicado en Av. Ricardo Margain 260, Col. Valle del Campestre, San Pedro Garza Garc\u00eda, Nuevo Le\u00f3n, CP. 66265.<\/p>\n\n\n\n<p>\u2022 Tel: + 52 818152-5000<\/p>\n\n\n\n<p>Para saber m\u00e1s sobre la Ley Federal de Protecci\u00f3n de Datos Personales en Posesi\u00f3n de Particulares, ingresa a la p\u00e1gina del Instituto Nacional de Acceso a la Informaci\u00f3n P\u00fablica y Protecci\u00f3n de Datos (INAI) http:\/\/www.ifai.org.mx<\/p>\n\n\n\n<hr class=\"wp-block-separator\"\/>\n\n\n\n<p><a id=\"_msocom_1\"><\/a><\/p>","protected":false},"excerpt":{"rendered":"<p>En cumplimiento con la Ley Federal de Protecci\u00f3n de Datos Personales en Posesi\u00f3n de Particulares (en lo sucesivo la \u201cLey\u201d), Finca JCVG, S.A. de C.V., sus empresas tenedoras, afiliadas y subsidiarias, conjunta o indistintamente, y que en lo sucesivo se denominar\u00e1 Finca JCVG, hacen de su conocimiento los t\u00e9rminos y condiciones del trato de la<br class=\"read-more-spacer\"> <a class=\"more-link\" href=\"https:\/\/fincajcvg.com\/en\/privacy-policy\/\">Read More<\/a><\/p>","protected":false},"author":1,"featured_media":0,"parent":0,"menu_order":0,"comment_status":"closed","ping_status":"open","template":"","meta":{"footnotes":""},"class_list":["post-3","page","type-page","status-publish","hentry"],"aioseo_notices":[],"_links":{"self":[{"href":"https:\/\/fincajcvg.com\/en\/wp-json\/wp\/v2\/pages\/3","targetHints":{"allow":["GET"]}}],"collection":[{"href":"https:\/\/fincajcvg.com\/en\/wp-json\/wp\/v2\/pages"}],"about":[{"href":"https:\/\/fincajcvg.com\/en\/wp-json\/wp\/v2\/types\/page"}],"author":[{"embeddable":true,"href":"https:\/\/fincajcvg.com\/en\/wp-json\/wp\/v2\/users\/1"}],"replies":[{"embeddable":true,"href":"https:\/\/fincajcvg.com\/en\/wp-json\/wp\/v2\/comments?post=3"}],"version-history":[{"count":1,"href":"https:\/\/fincajcvg.com\/en\/wp-json\/wp\/v2\/pages\/3\/revisions"}],"predecessor-version":[{"id":1953,"href":"https:\/\/fincajcvg.com\/en\/wp-json\/wp\/v2\/pages\/3\/revisions\/1953"}],"wp:attachment":[{"href":"https:\/\/fincajcvg.com\/en\/wp-json\/wp\/v2\/media?parent=3"}],"curies":[{"name":"wp","href":"https:\/\/api.w.org\/{rel}","templated":true}]}}