{"id":1756,"date":"2022-03-07T16:18:28","date_gmt":"2022-03-07T16:18:28","guid":{"rendered":"https:\/\/fincajcvg.com\/?page_id=1756"},"modified":"2024-02-24T05:54:30","modified_gmt":"2024-02-24T05:54:30","slug":"terminos-y-condiciones","status":"publish","type":"page","link":"https:\/\/fincajcvg.com\/en\/terminos-y-condiciones\/","title":{"rendered":"T\u00e9rminos y Condiciones de Uso"},"content":{"rendered":"<p>\u00daltima actualizaci\u00f3n: &nbsp;08 de febrero de 2022<\/p>\n\n\n\n<p>Gracias por visitar nuestro sitio de Finca JCVG, S.A. de C.V. Los presentes T\u00e9rminos y Condiciones regulan el uso de este sitio (el \u201cSitio\u201d). Al accesar al Sitio usted acepta, sin limitaci\u00f3n alguna, los siguientes T\u00e9rminos y Condiciones y declara que es una persona f\u00edsica mayor de edad. Si Usted NO acepta los T\u00e9rminos y Condiciones, le agradeceremos que discontin\u00fae el uso de este Sitio. FAVOR DE LEER ESTOS T\u00c9RMINOS Y CONDICIONES CUIDADOSAMENTE ANTES DE NAVEGAR EN EL SITIO.<\/p>\n\n\n\n<p>NADA EN LOS PRESENTES T\u00c9RMINOS Y CONDICIONES ES INTENCIONADO A AFECTAR SUS DERECHOS CONFORME A LA LEY DE SU LUGAR DE RESIDENCIA HABITUAL. SI EXISTIERA UN CONFLICTO ENTRE DICHOS DERECHOS Y ESTOS T\u00c9RMINOS Y CONDICIONES, SUS DERECHOS CONFORME LA LEGISLACI\u00d3N LOCAL APLICABLE PREVALECER\u00c1N.<\/p>\n\n\n\n<p>Uso de Contenidos<\/p>\n\n\n\n<p>El Sitio es propiedad de Finca JCVG, S.A. de C.V. y\/o sus empresas tenedoras, subsidiarias y\/o filiales y contiene material derivado en todo o parte de material suministrado y detentado por nosotros. Dicho material est\u00e1 protegido por derechos de autor, derechos de propiedad industrial y dem\u00e1s leyes aplicables. Usted no puede modificar, copiar, reproducir, publicar, subir, postear, transmitir, mostrar para fines publicitarios, elaborar trabajos derivados basados en estos materiales, o distribuir de cualquier manera material alguno del Sitio, incluyendo sin limitar texto, audio, video, c\u00f3digos y software. Durante su visita podr\u00e1 descargar material mostrado en el Sitio \u00fanicamente para fines personales y no comerciales (en el entendido que usted igualmente conserva las notificaciones sobre derechos de autor y derechos de propiedad industrial de esos materiales). No garantizamos ni declaramos que el uso que usted de a los materiales mostrados en el Sitio no infringir\u00e1n derechos de terceras partes.<\/p>\n\n\n\n<p>Los contenidos del Sitio existen para su uso personal y no comercial, y son creados para prop\u00f3sitos informativos relacionados con los servicios ofrecidos por la agencia y no podr\u00e1n ser utilizados para otro fin.<\/p>\n\n\n\n<p>Renuncia y Limitaci\u00f3n de Responsabilidad<\/p>\n\n\n\n<p>Dentro del Sitio se incluyen ligas de sitios web propiedad de terceras partes (\u201cSitios de Terceros\u201d) y de tiempo en tiempo se podr\u00e1 incluir material o informaci\u00f3n de terceras partes en el Sitio. Nosotros, ni nuestras empresas tenedoras, afiliadas o proveedores operamos o controlamos de forma alguna la informaci\u00f3n, productos o servicios de estos Sitios de Terceros. El contenido, materiales, productos, servicios en o accesibles mediante o en relaci\u00f3n con el Sitio son \u201cDE ACUERDO A DISPONIBILIDAD\u201d. NO NOS HACEMOS RESPONSABLES POR LAS CONDICIONES, DECLARACIONES Y GARANT\u00cdAS NO EXPRESAMENTE CONTENIDAS EN ESTOS T\u00c9RMINOS Y CONDICIONES.<\/p>\n\n\n\n<p>No garantizamos que las funciones contenidas en dichos materiales y productos o servicios, o en el Sitio, sean ininterrumpidas o libres de error, est\u00e9n disponibles para su uso, que los errores sean corregidos, o que el Sitio, incluyendo servicios de almacenamiento de datos y sus contenidos, o el servidor que los hace disponibles, est\u00e9n libres de virus u otros componentes da\u00f1inos. El uso y navegaci\u00f3n en el Sitio es bajo su propio riesgo. Usted asume la entera responsabilidad de implementar procedimientos y revisiones suficientes para satisfacer sus requerimientos para la precisi\u00f3n e idoneidad del Sitio, incluyendo la informaci\u00f3n, y de mantener cualquier medio que pueda requerir para la reconstrucci\u00f3n de datos perdidos o subsecuentes manipulaciones o an\u00e1lisis de la informaci\u00f3n aqu\u00ed proporcionada. Usted acepta conocer que su uso del Sitio y de cualquier informaci\u00f3n enviada o recibida en relaci\u00f3n al mismo, podr\u00e1 no ser segura y podr\u00e1 ser interceptada por partes no autorizadas. Usted asume la responsabilidad por el costo total de todo el mantenimiento, reparaciones o correcciones necesarios para su sistema operativo y similares.<\/p>\n\n\n\n<p>Esta renuncia aplica, sin limitar, a cualquier da\u00f1o o perjuicio derivado de cualquier falla de ejecuci\u00f3n, error, omisi\u00f3n, interrupci\u00f3n, eliminaci\u00f3n, defecto, retraso en la operaci\u00f3n o transmisi\u00f3n, virus, corrupci\u00f3n de archivos, falla de comunicaci\u00f3n, interrupci\u00f3n de red o sistema, o robo, destrucci\u00f3n, acceso no autorizado, alteraci\u00f3n, o uso de cualquier archivo. Usted acepta expresamente conocer y acordar que Finca JCVG, S.A. de C.V. y\/o sus empresas tenedoras, subsidiarias y\/o filiales no ser\u00e1n responsables por cualquier conducta difamatoria, ofensiva o ilegal de cualquier usuario de este Sitio.<\/p>\n\n\n\n<p>Marcas<\/p>\n\n\n\n<p>Las marcas, logos y avisos comerciales (en conjunto las \u201cMarcas\u201d) mostrados en el Sitio son Marcas registradas o no registradas propias o de terceros. Nada de lo contenido en el Sitio debe ser entendido como un otorgamiento, reconocimiento o de cualquier otro modo implica una licencia o derecho de uso de ninguna Marca mostrada en el Sitio. El uso indebido de las Marcas mostradas en el Sitio, o de cualquier otro contenido del mismo, salvo por lo dispuesto en estos T\u00e9rminos y Condiciones, est\u00e1 estrictamente prohibido. Asimismo se le advierte que Finca JCVG, S.A. de C.V. har\u00e1 valer sus derechos de propiedad intelectual hasta las \u00faltimas consecuencias legales, incluyendo el procedimiento penal.<\/p>\n\n\n\n<p>Redes M\u00f3viles<\/p>\n\n\n\n<p>Al accesar al Sitio con redes m\u00f3viles, aplicar\u00e1n las tarifas de su proveedor de red o de roaming de mensajes o datos. El uso del Sitio puede ser prohibido o restringido por su proveedor de red en cuyo caso el Sitio pudiera no trabajar en su dispositivo.<\/p>\n\n\n\n<p>Indemnizaci\u00f3n<\/p>\n\n\n\n<p>Usted acuerda indemnizar y sacar en paz y a salvo a Finca JCVG, S.A. de C.V. y\/o sus empresas tenedoras, subsidiarias y\/o filiales as\u00ed como a sus respectivos directivos, consejeros, due\u00f1os, empleados, agentes, proveedores de informaci\u00f3n y licenciantes (en conjunto las \u201cPartes Indemnizables\u201d) de cualquier reclamaci\u00f3n, responsabilidad, p\u00e9rdida, acci\u00f3n, procedimiento, gastos y costas (incluyendo honorarios de abogados) que derive de cualquier incumplimiento de los presentes T\u00e9rminos y Condiciones. Nos reservamos el derecho, a nuestro costo, de asumir la defensa y control de cualquier asunto que sea de cualquier otro modo sujeto a ser indemnizado por usted, y en su caso, Usted acuerda cooperar en nuestra defensa en dicho asunto.<\/p>\n\n\n\n<p>Registro<\/p>\n\n\n\n<p>Se podr\u00e1 requerir el servicio a miembros registrados en el Sitio (\u201cServicios\u201d), al registrarse para usar dichos Servicios, se podr\u00e1 requerir cierta informaci\u00f3n de identificaci\u00f3n personal. Usted acuerda proporcionar informaci\u00f3n veraz, certera y completa sobre usted as\u00ed como a actualizar dicha informaci\u00f3n en caso de requerirse. Si proporciona cualquier informaci\u00f3n falsa o inexacta, desactualizada, incompleta, o si sospechamos que su informaci\u00f3n es falsa, inexacta o incompleta, podremos, a nuestra discreci\u00f3n, suspender, terminar o negar el acceso a su suscripci\u00f3n a estos Servicios. Cualquier informaci\u00f3n personal de identificaci\u00f3n proporcionada en el registro el Sitio ser\u00e1 sujeta a nuestro Aviso de Privacidad del Sitio.<\/p>\n\n\n\n<p>Podremos, a nuestra sola discreci\u00f3n, terminar su contrase\u00f1a, cuenta o acceso al Sitio, as\u00ed como remover y desechar cualquier comunicaci\u00f3n transmitida por usted, informaci\u00f3n almacenada, enviada o recibida a trav\u00e9s del Sitio sin aviso previo y por cualquier raz\u00f3n.<\/p>\n\n\n\n<p>Env\u00edos de Ideas No Solicitadas<\/p>\n\n\n\n<p>Nos encanta tener noticias suyas, pero es parte de nuestra pol\u00edtica el no aceptar o considerar material creativo, idea o propuesta alguna que no sea la espec\u00edficamente solicitada. Lo anterior a fin de evitar malos entendidos si sus ideas son similares a aquellas desarrolladas independientemente. En consecuencia, debemos solicitarle que NO env\u00ede ning\u00fan material creativo o idea. En relaci\u00f3n con cualquier cosa enviada a nosotros, ya sea solicitada o no, usted acuerda que las ideas creativas, sugerencias o cualquier otro material que env\u00ede a trav\u00e9s del Sitio no lo hace en confidencialidad y que ninguna relaci\u00f3n de confidencialidad puede ser interpretada o creada entre usted y nosotros en ninguna manera, y que usted no tendr\u00e1 compensaci\u00f3n o consideraci\u00f3n de cualquier tipo.<\/p>\n\n\n\n<p>Jurisdicci\u00f3n y Competencia<\/p>\n\n\n\n<p>Usted acuerda que cualquier acci\u00f3n legal derivada de los presentes T\u00e9rminos y Condiciones ser\u00e1 llevada a cabo y sujetada de conformidad con las leyes aplicables y tribunales competentes de Monterrey, Nuevo Le\u00f3n, M\u00e9xico.<\/p>\n\n\n\n<p>Los presentes T\u00e9rminos y Condiciones son creados de conformidad con la legislaci\u00f3n de M\u00e9xico, dejando sin efecto cualquier conflicto de ley.<\/p>\n\n\n\n<p>Divisibilidad<\/p>\n\n\n\n<p>Si cualquier disposici\u00f3n de estos T\u00e9rminos y Condiciones resulta por cualquier raz\u00f3n contraria a la ley, nula o inv\u00e1lida, \u00e9sta deber\u00e1 considerarse independiente de estos T\u00e9rminos y Condiciones y no afectar\u00e1 la validez y exigibilidad del resto de las disposiciones.<\/p>\n\n\n\n<p>Subsistencia<\/p>\n\n\n\n<p>Las disposiciones de estos T\u00e9rminos y Condiciones que por su naturaleza deban prevalecer posterior a la terminaci\u00f3n de los mismos, subsistir\u00e1 a dicha terminaci\u00f3n.<\/p>\n\n\n\n<p>Renuncia<\/p>\n\n\n\n<p>Ninguna renuncia a cualquier disposici\u00f3n de estos T\u00e9rminos y Condiciones deber\u00e1 considerarse como una renuncia continua a dicha disposici\u00f3n o a cualquier otra disposici\u00f3n, y nuestra omisi\u00f3n de hacer valer cualquier derecho o disposici\u00f3n de estos T\u00e9rminos y Condiciones no constituir\u00e1 una renuncia a dicho derecho o disposici\u00f3n.<\/p>\n\n\n\n<p>Modificaciones<\/p>\n\n\n\n<p>Nos reservamos el derecho, a nuestra sola discreci\u00f3n, de modificar estos T\u00e9rminos y Condiciones y de modificar, adicionar o eliminar cualquier aspecto, contenido o funci\u00f3n del Sitio. Dichas modificaciones, adiciones o eliminaciones ser\u00e1n efectivas mediante notificaci\u00f3n otorgada a usted al ingresar al Sitio. Si usted no est\u00e1 de acuerdo con cualquier cambio a estos T\u00e9rminos y Condiciones, deber\u00e1 discontinuar el uso del Sitio. Los representantes de servicios al cliente no est\u00e1n autorizados para modificar cualquier disposici\u00f3n a estos t\u00e9rminos, ya sea verbal o por escrito.<\/p>","protected":false},"excerpt":{"rendered":"<p>\u00daltima actualizaci\u00f3n: &nbsp;08 de febrero de 2022 Gracias por visitar nuestro sitio de Finca JCVG, S.A. de C.V. Los presentes T\u00e9rminos y Condiciones regulan el uso de este sitio (el \u201cSitio\u201d). Al accesar al Sitio usted acepta, sin limitaci\u00f3n alguna, los siguientes T\u00e9rminos y Condiciones y declara que es una persona f\u00edsica mayor de edad.<br class=\"read-more-spacer\"> <a class=\"more-link\" href=\"https:\/\/fincajcvg.com\/en\/terminos-y-condiciones\/\">Read More<\/a><\/p>","protected":false},"author":84,"featured_media":0,"parent":0,"menu_order":0,"comment_status":"closed","ping_status":"closed","template":"","meta":{"footnotes":""},"class_list":["post-1756","page","type-page","status-publish","hentry"],"aioseo_notices":[],"_links":{"self":[{"href":"https:\/\/fincajcvg.com\/en\/wp-json\/wp\/v2\/pages\/1756","targetHints":{"allow":["GET"]}}],"collection":[{"href":"https:\/\/fincajcvg.com\/en\/wp-json\/wp\/v2\/pages"}],"about":[{"href":"https:\/\/fincajcvg.com\/en\/wp-json\/wp\/v2\/types\/page"}],"author":[{"embeddable":true,"href":"https:\/\/fincajcvg.com\/en\/wp-json\/wp\/v2\/users\/84"}],"replies":[{"embeddable":true,"href":"https:\/\/fincajcvg.com\/en\/wp-json\/wp\/v2\/comments?post=1756"}],"version-history":[{"count":1,"href":"https:\/\/fincajcvg.com\/en\/wp-json\/wp\/v2\/pages\/1756\/revisions"}],"predecessor-version":[{"id":1955,"href":"https:\/\/fincajcvg.com\/en\/wp-json\/wp\/v2\/pages\/1756\/revisions\/1955"}],"wp:attachment":[{"href":"https:\/\/fincajcvg.com\/en\/wp-json\/wp\/v2\/media?parent=1756"}],"curies":[{"name":"wp","href":"https:\/\/api.w.org\/{rel}","templated":true}]}}